{"id":6,"date":"2022-12-27T19:30:46","date_gmt":"2022-12-27T19:30:46","guid":{"rendered":"https:\/\/imagens.borelbull.com.br\/?page_id=6"},"modified":"2025-05-21T17:44:04","modified_gmt":"2025-05-21T20:44:04","slug":"imagens-e-videos-marketing-borelbull","status":"publish","type":"page","link":"https:\/\/imagens.borelbull.com.br\/","title":{"rendered":"IMAGENS MARKETING BORELBULL"},"content":{"rendered":"\t\t<div data-elementor-type=\"wp-post\" data-elementor-id=\"6\" class=\"elementor elementor-6\">\n\t\t\t\t\t\t<section class=\"elementor-section elementor-top-section elementor-element elementor-element-a34e1f8 elementor-section-boxed elementor-section-height-default elementor-section-height-default\" data-id=\"a34e1f8\" data-element_type=\"section\">\n\t\t\t\t\t\t<div class=\"elementor-container elementor-column-gap-default\">\n\t\t\t\t\t<div class=\"elementor-column elementor-col-100 elementor-top-column elementor-element elementor-element-90058bd\" data-id=\"90058bd\" data-element_type=\"column\">\n\t\t\t<div class=\"elementor-widget-wrap elementor-element-populated\">\n\t\t\t\t\t\t<div class=\"elementor-element elementor-element-59850da elementor-widget elementor-widget-text-editor\" data-id=\"59850da\" data-element_type=\"widget\" data-widget_type=\"text-editor.default\">\n\t\t\t\t<div class=\"elementor-widget-container\">\n\t\t\t\t\t\t\t\t\t<p>Anestesia Animal e BorelBull s\u00e3o marcas registradas da BORELBULL COM\u00c9RCIO E SERVI\u00c7OS LTDA e det\u00e9m os direitos autoriais das imagens dispon\u00edveis nesta p\u00e1gina.<\/p><p><strong>Utilizar somente mediante autoriza\u00e7\u00e3o expressa da BORELBULL\u00ae<\/strong><\/p><p>Solicite autoriza\u00e7\u00e3o pr\u00e9via ao uso das imagens pelo e-mail\u00a0<a href=\"mailto:contato@brelbull.com.br\" target=\"_blank\" rel=\"noopener\">contato@borelbull.com.br<\/a>\u00a0e aguarde autoriza\u00e7\u00e3o por escrito.<\/p>\t\t\t\t\t\t\t\t<\/div>\n\t\t\t\t<\/div>\n\t\t\t\t\t<\/div>\n\t\t<\/div>\n\t\t\t\t\t<\/div>\n\t\t<\/section>\n\t\t\t\t<section class=\"elementor-section elementor-top-section elementor-element elementor-element-6c412e2 elementor-section-boxed elementor-section-height-default elementor-section-height-default\" data-id=\"6c412e2\" data-element_type=\"section\">\n\t\t\t\t\t\t<div class=\"elementor-container elementor-column-gap-default\">\n\t\t\t\t\t<div class=\"elementor-column elementor-col-25 elementor-top-column elementor-element elementor-element-2033605\" data-id=\"2033605\" data-element_type=\"column\">\n\t\t\t<div class=\"elementor-widget-wrap elementor-element-populated\">\n\t\t\t\t\t\t<div class=\"elementor-element elementor-element-67ba5c9 elementor-widget elementor-widget-image\" data-id=\"67ba5c9\" data-element_type=\"widget\" data-widget_type=\"image.default\">\n\t\t\t\t<div class=\"elementor-widget-container\">\n\t\t\t\t\t\t\t\t\t\t\t\t\t\t\t<img fetchpriority=\"high\" decoding=\"async\" width=\"800\" height=\"800\" src=\"https:\/\/imagens.borelbull.com.br\/wp-content\/uploads\/2022\/12\/logo_app_quadrado-1024x1024.png\" class=\"attachment-large size-large wp-image-16\" alt=\"\" srcset=\"https:\/\/imagens.borelbull.com.br\/wp-content\/uploads\/2022\/12\/logo_app_quadrado.png 1024w, https:\/\/imagens.borelbull.com.br\/wp-content\/uploads\/2022\/12\/logo_app_quadrado-300x300.png 300w, https:\/\/imagens.borelbull.com.br\/wp-content\/uploads\/2022\/12\/logo_app_quadrado-150x150.png 150w, https:\/\/imagens.borelbull.com.br\/wp-content\/uploads\/2022\/12\/logo_app_quadrado-768x768.png 768w\" sizes=\"(max-width: 800px) 100vw, 800px\" \/>\t\t\t\t\t\t\t\t\t\t\t\t\t\t\t<\/div>\n\t\t\t\t<\/div>\n\t\t\t\t\t<\/div>\n\t\t<\/div>\n\t\t\t\t<div class=\"elementor-column elementor-col-25 elementor-top-column elementor-element elementor-element-79f006f\" data-id=\"79f006f\" data-element_type=\"column\">\n\t\t\t<div class=\"elementor-widget-wrap elementor-element-populated\">\n\t\t\t\t\t\t<div class=\"elementor-element elementor-element-4b699d2 elementor-widget elementor-widget-image\" data-id=\"4b699d2\" data-element_type=\"widget\" data-widget_type=\"image.default\">\n\t\t\t\t<div class=\"elementor-widget-container\">\n\t\t\t\t\t\t\t\t\t\t\t\t\t\t\t<img decoding=\"async\" width=\"800\" height=\"800\" src=\"https:\/\/imagens.borelbull.com.br\/wp-content\/uploads\/2022\/12\/Anestesia_Animal_Circulo_Novo.png\" class=\"attachment-large size-large wp-image-15\" alt=\"\" srcset=\"https:\/\/imagens.borelbull.com.br\/wp-content\/uploads\/2022\/12\/Anestesia_Animal_Circulo_Novo.png 1008w, https:\/\/imagens.borelbull.com.br\/wp-content\/uploads\/2022\/12\/Anestesia_Animal_Circulo_Novo-300x300.png 300w, https:\/\/imagens.borelbull.com.br\/wp-content\/uploads\/2022\/12\/Anestesia_Animal_Circulo_Novo-150x150.png 150w, https:\/\/imagens.borelbull.com.br\/wp-content\/uploads\/2022\/12\/Anestesia_Animal_Circulo_Novo-768x768.png 768w\" sizes=\"(max-width: 800px) 100vw, 800px\" \/>\t\t\t\t\t\t\t\t\t\t\t\t\t\t\t<\/div>\n\t\t\t\t<\/div>\n\t\t\t\t\t<\/div>\n\t\t<\/div>\n\t\t\t\t<div class=\"elementor-column elementor-col-25 elementor-top-column elementor-element elementor-element-b317fa3\" data-id=\"b317fa3\" data-element_type=\"column\">\n\t\t\t<div class=\"elementor-widget-wrap elementor-element-populated\">\n\t\t\t\t\t\t<div class=\"elementor-element elementor-element-6aa008f elementor-widget elementor-widget-image\" data-id=\"6aa008f\" data-element_type=\"widget\" data-widget_type=\"image.default\">\n\t\t\t\t<div class=\"elementor-widget-container\">\n\t\t\t\t\t\t\t\t\t\t\t\t\t\t\t<img decoding=\"async\" width=\"800\" height=\"800\" src=\"https:\/\/imagens.borelbull.com.br\/wp-content\/uploads\/2022\/12\/logo_app_cantos-1024x1024.png\" class=\"attachment-large size-large wp-image-17\" alt=\"\" srcset=\"https:\/\/imagens.borelbull.com.br\/wp-content\/uploads\/2022\/12\/logo_app_cantos-1024x1024.png 1024w, https:\/\/imagens.borelbull.com.br\/wp-content\/uploads\/2022\/12\/logo_app_cantos-300x300.png 300w, https:\/\/imagens.borelbull.com.br\/wp-content\/uploads\/2022\/12\/logo_app_cantos-150x150.png 150w, https:\/\/imagens.borelbull.com.br\/wp-content\/uploads\/2022\/12\/logo_app_cantos-768x768.png 768w, https:\/\/imagens.borelbull.com.br\/wp-content\/uploads\/2022\/12\/logo_app_cantos-1536x1536.png 1536w, https:\/\/imagens.borelbull.com.br\/wp-content\/uploads\/2022\/12\/logo_app_cantos-2048x2048.png 2048w\" sizes=\"(max-width: 800px) 100vw, 800px\" \/>\t\t\t\t\t\t\t\t\t\t\t\t\t\t\t<\/div>\n\t\t\t\t<\/div>\n\t\t\t\t\t<\/div>\n\t\t<\/div>\n\t\t\t\t<div class=\"elementor-column elementor-col-25 elementor-top-column elementor-element elementor-element-2f35a9f\" data-id=\"2f35a9f\" data-element_type=\"column\">\n\t\t\t<div class=\"elementor-widget-wrap elementor-element-populated\">\n\t\t\t\t\t\t<div class=\"elementor-element elementor-element-e3476d0 elementor-widget elementor-widget-image\" data-id=\"e3476d0\" data-element_type=\"widget\" data-widget_type=\"image.default\">\n\t\t\t\t<div class=\"elementor-widget-container\">\n\t\t\t\t\t\t\t\t\t\t\t\t\t\t\t<img loading=\"lazy\" decoding=\"async\" width=\"800\" height=\"800\" src=\"https:\/\/imagens.borelbull.com.br\/wp-content\/uploads\/2022\/12\/capa_podcast_anestflix3-2-1024x1024.jpg\" class=\"attachment-large size-large wp-image-20\" alt=\"\" srcset=\"https:\/\/imagens.borelbull.com.br\/wp-content\/uploads\/2022\/12\/capa_podcast_anestflix3-2-1024x1024.jpg 1024w, https:\/\/imagens.borelbull.com.br\/wp-content\/uploads\/2022\/12\/capa_podcast_anestflix3-2-300x300.jpg 300w, https:\/\/imagens.borelbull.com.br\/wp-content\/uploads\/2022\/12\/capa_podcast_anestflix3-2-150x150.jpg 150w, https:\/\/imagens.borelbull.com.br\/wp-content\/uploads\/2022\/12\/capa_podcast_anestflix3-2-768x768.jpg 768w, https:\/\/imagens.borelbull.com.br\/wp-content\/uploads\/2022\/12\/capa_podcast_anestflix3-2-1536x1536.jpg 1536w, https:\/\/imagens.borelbull.com.br\/wp-content\/uploads\/2022\/12\/capa_podcast_anestflix3-2.jpg 1700w\" sizes=\"(max-width: 800px) 100vw, 800px\" \/>\t\t\t\t\t\t\t\t\t\t\t\t\t\t\t<\/div>\n\t\t\t\t<\/div>\n\t\t\t\t\t<\/div>\n\t\t<\/div>\n\t\t\t\t\t<\/div>\n\t\t<\/section>\n\t\t\t\t<section class=\"elementor-section elementor-top-section elementor-element elementor-element-5ff2fd1 elementor-section-boxed elementor-section-height-default elementor-section-height-default\" data-id=\"5ff2fd1\" data-element_type=\"section\">\n\t\t\t\t\t\t<div class=\"elementor-container elementor-column-gap-default\">\n\t\t\t\t\t<div class=\"elementor-column elementor-col-100 elementor-top-column elementor-element elementor-element-3e005d1\" data-id=\"3e005d1\" data-element_type=\"column\">\n\t\t\t<div class=\"elementor-widget-wrap elementor-element-populated\">\n\t\t\t\t\t\t<div class=\"elementor-element elementor-element-ef395cd elementor-widget elementor-widget-image\" data-id=\"ef395cd\" data-element_type=\"widget\" data-widget_type=\"image.default\">\n\t\t\t\t<div class=\"elementor-widget-container\">\n\t\t\t\t\t\t\t\t\t\t\t\t\t\t\t<img loading=\"lazy\" decoding=\"async\" width=\"800\" height=\"360\" src=\"https:\/\/imagens.borelbull.com.br\/wp-content\/uploads\/2022\/12\/capa_youtube_2-1024x461.png\" class=\"attachment-large size-large wp-image-21\" alt=\"\" srcset=\"https:\/\/imagens.borelbull.com.br\/wp-content\/uploads\/2022\/12\/capa_youtube_2-1024x461.png 1024w, https:\/\/imagens.borelbull.com.br\/wp-content\/uploads\/2022\/12\/capa_youtube_2-300x135.png 300w, https:\/\/imagens.borelbull.com.br\/wp-content\/uploads\/2022\/12\/capa_youtube_2-768x346.png 768w, https:\/\/imagens.borelbull.com.br\/wp-content\/uploads\/2022\/12\/capa_youtube_2-1536x691.png 1536w, https:\/\/imagens.borelbull.com.br\/wp-content\/uploads\/2022\/12\/capa_youtube_2-2048x922.png 2048w\" sizes=\"(max-width: 800px) 100vw, 800px\" \/>\t\t\t\t\t\t\t\t\t\t\t\t\t\t\t<\/div>\n\t\t\t\t<\/div>\n\t\t\t\t\t<\/div>\n\t\t<\/div>\n\t\t\t\t\t<\/div>\n\t\t<\/section>\n\t\t\t\t<section class=\"elementor-section elementor-top-section elementor-element elementor-element-0f305aa elementor-section-boxed elementor-section-height-default elementor-section-height-default\" data-id=\"0f305aa\" data-element_type=\"section\" data-settings=\"{&quot;background_background&quot;:&quot;classic&quot;}\">\n\t\t\t\t\t\t<div class=\"elementor-container elementor-column-gap-default\">\n\t\t\t\t\t<div class=\"elementor-column elementor-col-33 elementor-top-column elementor-element elementor-element-02a1051\" data-id=\"02a1051\" data-element_type=\"column\">\n\t\t\t<div class=\"elementor-widget-wrap elementor-element-populated\">\n\t\t\t\t\t\t<div class=\"elementor-element elementor-element-fdd2294 elementor-widget elementor-widget-image\" data-id=\"fdd2294\" data-element_type=\"widget\" data-widget_type=\"image.default\">\n\t\t\t\t<div class=\"elementor-widget-container\">\n\t\t\t\t\t\t\t\t\t\t\t\t\t\t\t<img loading=\"lazy\" decoding=\"async\" width=\"485\" height=\"97\" src=\"https:\/\/imagens.borelbull.com.br\/wp-content\/uploads\/2022\/12\/Anestesia_Animal_BorelBull_PNG_Pequeno_branco.png\" class=\"attachment-large size-large wp-image-18\" alt=\"\" srcset=\"https:\/\/imagens.borelbull.com.br\/wp-content\/uploads\/2022\/12\/Anestesia_Animal_BorelBull_PNG_Pequeno_branco.png 485w, https:\/\/imagens.borelbull.com.br\/wp-content\/uploads\/2022\/12\/Anestesia_Animal_BorelBull_PNG_Pequeno_branco-300x60.png 300w\" sizes=\"(max-width: 485px) 100vw, 485px\" \/>\t\t\t\t\t\t\t\t\t\t\t\t\t\t\t<\/div>\n\t\t\t\t<\/div>\n\t\t\t\t\t<\/div>\n\t\t<\/div>\n\t\t\t\t<div class=\"elementor-column elementor-col-33 elementor-top-column elementor-element elementor-element-5feed06\" data-id=\"5feed06\" data-element_type=\"column\">\n\t\t\t<div class=\"elementor-widget-wrap elementor-element-populated\">\n\t\t\t\t\t\t<div class=\"elementor-element elementor-element-1b439e4 elementor-widget elementor-widget-image\" data-id=\"1b439e4\" data-element_type=\"widget\" data-widget_type=\"image.default\">\n\t\t\t\t<div class=\"elementor-widget-container\">\n\t\t\t\t\t\t\t\t\t\t\t\t\t\t\t<img loading=\"lazy\" decoding=\"async\" width=\"800\" height=\"159\" src=\"https:\/\/imagens.borelbull.com.br\/wp-content\/uploads\/2022\/12\/Anestesia_Animal_BorelBull_Preto-1024x203.png\" class=\"attachment-large size-large wp-image-19\" alt=\"\" srcset=\"https:\/\/imagens.borelbull.com.br\/wp-content\/uploads\/2022\/12\/Anestesia_Animal_BorelBull_Preto-1024x203.png 1024w, https:\/\/imagens.borelbull.com.br\/wp-content\/uploads\/2022\/12\/Anestesia_Animal_BorelBull_Preto-300x59.png 300w, https:\/\/imagens.borelbull.com.br\/wp-content\/uploads\/2022\/12\/Anestesia_Animal_BorelBull_Preto-768x152.png 768w, https:\/\/imagens.borelbull.com.br\/wp-content\/uploads\/2022\/12\/Anestesia_Animal_BorelBull_Preto-1536x304.png 1536w, https:\/\/imagens.borelbull.com.br\/wp-content\/uploads\/2022\/12\/Anestesia_Animal_BorelBull_Preto.png 1840w\" sizes=\"(max-width: 800px) 100vw, 800px\" \/>\t\t\t\t\t\t\t\t\t\t\t\t\t\t\t<\/div>\n\t\t\t\t<\/div>\n\t\t\t\t\t<\/div>\n\t\t<\/div>\n\t\t\t\t<div class=\"elementor-column elementor-col-33 elementor-top-column elementor-element elementor-element-d9fa407\" data-id=\"d9fa407\" data-element_type=\"column\">\n\t\t\t<div class=\"elementor-widget-wrap elementor-element-populated\">\n\t\t\t\t\t\t<div class=\"elementor-element elementor-element-7a2c874 elementor-widget elementor-widget-image\" data-id=\"7a2c874\" data-element_type=\"widget\" data-widget_type=\"image.default\">\n\t\t\t\t<div class=\"elementor-widget-container\">\n\t\t\t\t\t\t\t\t\t\t\t\t\t\t\t<img loading=\"lazy\" decoding=\"async\" width=\"800\" height=\"158\" src=\"https:\/\/imagens.borelbull.com.br\/wp-content\/uploads\/2022\/12\/Anestesia_Animal_BorelBull_PNG_Cinza-1024x202.png\" class=\"attachment-large size-large wp-image-22\" alt=\"\" srcset=\"https:\/\/imagens.borelbull.com.br\/wp-content\/uploads\/2022\/12\/Anestesia_Animal_BorelBull_PNG_Cinza-1024x202.png 1024w, https:\/\/imagens.borelbull.com.br\/wp-content\/uploads\/2022\/12\/Anestesia_Animal_BorelBull_PNG_Cinza-300x59.png 300w, https:\/\/imagens.borelbull.com.br\/wp-content\/uploads\/2022\/12\/Anestesia_Animal_BorelBull_PNG_Cinza-768x152.png 768w, https:\/\/imagens.borelbull.com.br\/wp-content\/uploads\/2022\/12\/Anestesia_Animal_BorelBull_PNG_Cinza-1536x304.png 1536w, https:\/\/imagens.borelbull.com.br\/wp-content\/uploads\/2022\/12\/Anestesia_Animal_BorelBull_PNG_Cinza-2048x405.png 2048w\" sizes=\"(max-width: 800px) 100vw, 800px\" \/>\t\t\t\t\t\t\t\t\t\t\t\t\t\t\t<\/div>\n\t\t\t\t<\/div>\n\t\t\t\t\t<\/div>\n\t\t<\/div>\n\t\t\t\t\t<\/div>\n\t\t<\/section>\n\t\t\t\t<\/div>\n\t\t","protected":false},"excerpt":{"rendered":"<p>Anestesia Animal e BorelBull s\u00e3o marcas registradas da BORELBULL COM\u00c9RCIO E SERVI\u00c7OS LTDA e det\u00e9m os direitos autoriais das imagens dispon\u00edveis nesta p\u00e1gina. Utilizar somente mediante autoriza\u00e7\u00e3o expressa da BORELBULL\u00ae Solicite autoriza\u00e7\u00e3o pr\u00e9via ao uso das imagens pelo e-mail\u00a0contato@borelbull.com.br\u00a0e aguarde autoriza\u00e7\u00e3o por escrito.<\/p>\n","protected":false},"author":1,"featured_media":18,"parent":0,"menu_order":0,"comment_status":"closed","ping_status":"closed","template":"","meta":{"footnotes":""},"class_list":["post-6","page","type-page","status-publish","has-post-thumbnail","hentry"],"_links":{"self":[{"href":"https:\/\/imagens.borelbull.com.br\/index.php?rest_route=\/wp\/v2\/pages\/6","targetHints":{"allow":["GET"]}}],"collection":[{"href":"https:\/\/imagens.borelbull.com.br\/index.php?rest_route=\/wp\/v2\/pages"}],"about":[{"href":"https:\/\/imagens.borelbull.com.br\/index.php?rest_route=\/wp\/v2\/types\/page"}],"author":[{"embeddable":true,"href":"https:\/\/imagens.borelbull.com.br\/index.php?rest_route=\/wp\/v2\/users\/1"}],"replies":[{"embeddable":true,"href":"https:\/\/imagens.borelbull.com.br\/index.php?rest_route=%2Fwp%2Fv2%2Fcomments&post=6"}],"version-history":[{"count":20,"href":"https:\/\/imagens.borelbull.com.br\/index.php?rest_route=\/wp\/v2\/pages\/6\/revisions"}],"predecessor-version":[{"id":69,"href":"https:\/\/imagens.borelbull.com.br\/index.php?rest_route=\/wp\/v2\/pages\/6\/revisions\/69"}],"wp:featuredmedia":[{"embeddable":true,"href":"https:\/\/imagens.borelbull.com.br\/index.php?rest_route=\/wp\/v2\/media\/18"}],"wp:attachment":[{"href":"https:\/\/imagens.borelbull.com.br\/index.php?rest_route=%2Fwp%2Fv2%2Fmedia&parent=6"}],"curies":[{"name":"wp","href":"https:\/\/api.w.org\/{rel}","templated":true}]}}